{"id":171,"date":"2024-08-21T10:46:49","date_gmt":"2024-08-21T10:46:49","guid":{"rendered":"https:\/\/anyikim.com.tr\/?page_id=171"},"modified":"2024-08-28T14:17:27","modified_gmt":"2024-08-28T14:17:27","slug":"asbest-yonetimi","status":"publish","type":"page","link":"https:\/\/anyikim.com.tr\/?page_id=171","title":{"rendered":"Asbest Y\u00f6netimi"},"content":{"rendered":"\t\t<div data-elementor-type=\"wp-page\" data-elementor-id=\"171\" class=\"elementor elementor-171\" data-elementor-post-type=\"page\">\n\t\t\t\t\t\t<section class=\"elementor-section elementor-top-section elementor-element elementor-element-88cdd0a elementor-section-height-min-height elementor-section-boxed elementor-section-height-default elementor-section-items-middle\" data-id=\"88cdd0a\" data-element_type=\"section\" data-settings=\"{&quot;background_background&quot;:&quot;classic&quot;}\">\n\t\t\t\t\t\t\t<div class=\"elementor-background-overlay\"><\/div>\n\t\t\t\t\t\t\t<div class=\"elementor-container elementor-column-gap-default\">\n\t\t\t\t\t<div class=\"elementor-column elementor-col-100 elementor-top-column elementor-element elementor-element-07ea6fb\" data-id=\"07ea6fb\" data-element_type=\"column\">\n\t\t\t<div class=\"elementor-widget-wrap elementor-element-populated\">\n\t\t\t\t\t\t<div class=\"elementor-element elementor-element-1bba412 elementor-widget elementor-widget-heading\" data-id=\"1bba412\" data-element_type=\"widget\" data-widget_type=\"heading.default\">\n\t\t\t\t<div class=\"elementor-widget-container\">\n\t\t\t\t\t<h3 class=\"elementor-heading-title elementor-size-default\">H\u0130ZMETLER\u0130M\u0130Z<\/h3>\t\t\t\t<\/div>\n\t\t\t\t<\/div>\n\t\t\t\t\t<\/div>\n\t\t<\/div>\n\t\t\t\t\t<\/div>\n\t\t<\/section>\n\t\t\t\t<section class=\"elementor-section elementor-top-section elementor-element elementor-element-62643541 elementor-section-content-middle elementor-section-boxed elementor-section-height-default elementor-section-height-default\" data-id=\"62643541\" data-element_type=\"section\" data-settings=\"{&quot;background_background&quot;:&quot;classic&quot;}\">\n\t\t\t\t\t\t<div class=\"elementor-container elementor-column-gap-no\">\n\t\t\t\t\t<div class=\"elementor-column elementor-col-50 elementor-top-column elementor-element elementor-element-665d6434\" data-id=\"665d6434\" data-element_type=\"column\" data-settings=\"{&quot;background_background&quot;:&quot;classic&quot;}\">\n\t\t\t<div class=\"elementor-widget-wrap elementor-element-populated\">\n\t\t\t\t\t\t<section class=\"elementor-section elementor-inner-section elementor-element elementor-element-6866086b elementor-section-boxed elementor-section-height-default elementor-section-height-default\" data-id=\"6866086b\" data-element_type=\"section\">\n\t\t\t\t\t\t<div class=\"elementor-container elementor-column-gap-default\">\n\t\t\t\t\t<div class=\"elementor-column elementor-col-100 elementor-inner-column elementor-element elementor-element-a69a08d\" data-id=\"a69a08d\" data-element_type=\"column\">\n\t\t\t<div class=\"elementor-widget-wrap\">\n\t\t\t\t\t\t\t<\/div>\n\t\t<\/div>\n\t\t\t\t\t<\/div>\n\t\t<\/section>\n\t\t\t\t<div class=\"elementor-element elementor-element-1ab014b2 elementor-widget elementor-widget-heading\" data-id=\"1ab014b2\" data-element_type=\"widget\" data-widget_type=\"heading.default\">\n\t\t\t\t<div class=\"elementor-widget-container\">\n\t\t\t\t\t<h3 class=\"elementor-heading-title elementor-size-default\">Asbest Y\u00f6netimi<\/h3>\t\t\t\t<\/div>\n\t\t\t\t<\/div>\n\t\t\t\t<div class=\"elementor-element elementor-element-430269a9 elementor-widget elementor-widget-spacer\" data-id=\"430269a9\" data-element_type=\"widget\" data-widget_type=\"spacer.default\">\n\t\t\t\t<div class=\"elementor-widget-container\">\n\t\t\t\t\t\t\t<div class=\"elementor-spacer\">\n\t\t\t<div class=\"elementor-spacer-inner\"><\/div>\n\t\t<\/div>\n\t\t\t\t\t\t<\/div>\n\t\t\t\t<\/div>\n\t\t\t\t<div class=\"elementor-element elementor-element-4321fbd7 elementor-widget elementor-widget-text-editor\" data-id=\"4321fbd7\" data-element_type=\"widget\" data-widget_type=\"text-editor.default\">\n\t\t\t\t<div class=\"elementor-widget-container\">\n\t\t\t\t\t\t\t\t\t<p>Asbest; \u0131s\u0131ya, a\u015f\u0131nmaya ve\u00a0kimyasal maddelere\u00a0\u00e7ok dayan\u0131kl\u0131\u00a0lifli\u00a0yap\u0131da\u00a0do\u011fal silikat mineralidir. Mineralin ad\u0131 antik Yunancada \u201csuya doymaz\u201d anlam\u0131na gelen \u201c asbestos \u201d kelimesinden gelir.<\/p><p>Asbest do\u011fada farkl\u0131 bi\u00e7imlerde bulunmakla birlikte, en yayg\u0131n olanlar\u0131 ve yasal d\u00fczenlemelere konu edilenleri alt\u0131 \u00e7e\u015fittir. Bunlar yap\u0131lar\u0131na g\u00f6re serpantin ve amfibol olmak \u00fczere iki grupta toplan\u0131rlar.<\/p><p>\u201cASBESTLE \u00c7ALI\u015eMALARDA SA\u011eLIK VE G\u00dcVENL\u0130K \u00d6NLEMLER\u0130 HAKKINDA Y\u00d6NETMEL\u0130K \u201c \u2018te belirtilen 6 \u00e7e\u015fit asbest \u015fu \u015fekildedir.<\/p><p>Amfibol grubunda;<\/p><ol><li>Aktinolit Asbest, CAS No 77536-66-4,<\/li><li>Antofilit Asbest, CAS No 77536-67-5,<\/li><li>Gr\u00fcnerit Asbest (Amosit), (kahverengi), CAS No 12172-73-5,<\/li><li>Krosidolit, (mavi) CAS No 12001-28-4,<\/li><li>Tremolit Asbest, CAS No 77536-68-6<\/li><\/ol><p>Serpantin grubunda ise;<\/p><ol start=\"6\"><li>Krizotil, (beyaz) CAS No 12001-29-5, CAS No 132207-32-0,<\/li><\/ol><p>Sanayide yayg\u0131n olarak kullan\u0131m alan\u0131 bulmu\u015f olan asbest t\u00fcrleri krosidolit, amosit ve krizotildir. Aktinolit, antofilit ve tremolit asbest t\u00fcrleri daha \u00e7ok in\u015faat malzemeleri ve izolasyon malzemelerinde kullan\u0131mlar\u0131 mevcuttur.<\/p><p>Asbestin ticari olarak temel \u00f6zelliklerinden dolay\u0131 3000 \u2019den fazla end\u00fcstriyel \u00fcr\u00fcn\u00fcn yap\u0131m\u0131nda daha \u00f6nceden kullan\u0131ld\u0131\u011f\u0131 bilinmektedir. \u00d6zellikle bas\u0131nca dayan\u0131kl\u0131 borular, her t\u00fcrl\u00fc in\u015faat yal\u0131t\u0131m malzemeleri, contalar,\u00a0 baz\u0131 k\u00e2\u011f\u0131t \u00fcr\u00fcnleri, \u00f6zel filtreler ve fren balatalar\u0131 asbestin \u00f6zellikle ge\u00e7mi\u015f d\u00f6nemlerde s\u0131kl\u0131kla kullan\u0131ld\u0131\u011f\u0131 \u00fcr\u00fcnlerin ba\u015f\u0131nda gelmektedir. Asbest ayn\u0131 zamanda savunma ve uzay sanayisinde de yo\u011fun olarak kullan\u0131lmaktad\u0131r.<\/p><p>19. y\u00fczy\u0131l\u0131n sonlar\u0131nda yal\u0131tkan \u00f6zelli\u011fi, s\u00fcrt\u00fcnmeye kar\u015f\u0131 direnci ve bir\u00e7ok asitte \u00e7\u00f6z\u00fcnmemesi gibi \u00f6zellikleriyle\u00a0 \u201c sihirli mineral \u201d\u00a0 olarak tan\u0131mlanm\u0131\u015f,\u00a0 ancak\u00a0 \u00f6zellikle\u00a0 1950\u2019li\u00a0 y\u0131llardan\u00a0 sonra\u00a0 insan\u00a0 sa\u011fl\u0131\u011f\u0131na\u00a0 zarar\u00a0 veren\u00a0 kanserojen\u00a0 bir\u00a0 mineral oldu\u011funun tespitiyle de \u201c\u00f6ld\u00fcr\u00fcc\u00fc toz\u201d olarak nitelendirilmi\u015ftir.<\/p><p>Avrupa\u00a0 Birli\u011fi\u00a0 \u00fclkeleri\u00a0 1980\u2019lerden\u00a0 itibaren\u00a0 bireysel\u00a0 olarak\u00a0 asbest\u00a0 kullan\u0131m\u0131n\u0131\u00a0 yasaklamaya\u00a0 ba\u015flam\u0131\u015f\u00a0 ve 1 Ocak 2005 tarihinde ise t\u00fcm \u00fcye \u00fclkelerde asbest \u00fcretim ve kullan\u0131m\u0131 yasaklanm\u0131\u015ft\u0131r. 28539 say\u0131l\u0131 ve 25.01.2013 tarihli Resmi Gazete\u2019 de yay\u0131mlanan \u201cAsbestle \u00c7al\u0131\u015fmalarda Sa\u011fl\u0131k ve G\u00fcvenlik \u00d6nlemleri Hakk\u0131nda Y\u00f6netmelik\u201d\u00a0 gere\u011fi \u00fclkemizde de asbest ve asbestli \u00fcr\u00fcn \u00fcretimi ve bunlar\u0131n her t\u00fcrl\u00fc ticareti yasaklanm\u0131\u015ft\u0131r.<\/p><p>Bu y\u00f6netmelikte 2.b\u00f6l\u00fcm, Madde 5\u2019 te belirtilen;<\/p><p>\u201c 1)\u00a0 Asbestin her t\u00fcr\u00fcn\u00fcn \u00e7\u0131kar\u0131lmas\u0131,\u00a0 i\u015flenmesi, sat\u0131lmas\u0131 ve ithalat\u0131,<\/p><p>2) Asbest i\u00e7eren her t\u00fcrl\u00fc \u00fcr\u00fcn\u00fcn ithalat\u0131 ve sat\u0131lmas\u0131,<\/p><p>3) Asbest \u00fcr\u00fcnlerinin veya asbest ilave edilmi\u015f \u00fcr\u00fcnlerin \u00fcretimi ve i\u015flenmesi YASAKTIR.\u201d h\u00fck\u00fcmleri yer almaktad\u0131r.<\/p><p>\u015eu anda d\u00fcnyada \u00e7o\u011funlu\u011fu Avrupa \u00fclkeleri olmak \u00fczere ve T\u00fcrkiye de dahil 50\u2019 den fazla \u00fclkede asbest yasaklanm\u0131\u015f durumdad\u0131r.<\/p><p>Asbest son derece\u00a0kanserojen\u00a0bir maddedir. Solunum ya da i\u00e7me suyu yoluyla v\u00fccuda girdi\u011finde ba\u015fta kanser olmak \u00fczere \u00e7e\u015fitli hastal\u0131klara yol a\u00e7ar.<\/p><p>Asbestin nefes yoluyla al\u0131nd\u0131ktan sonra solunum sistemi \u00fczerinde olu\u015fturdu\u011fu etkile\u015fim sonucu baz\u0131 hastal\u0131lara sebep olabilmektedir:<\/p><ul><li>Asbestoz<\/li><li>Mezotelyoma<\/li><li>Kanser<\/li><li>Akci\u011fer zar\u0131 kal\u0131nla\u015fmas\u0131<\/li><li>Akci\u011fer zar\u0131nda s\u0131v\u0131 toplanmas\u0131<\/li><\/ul><p>\u00c7al\u0131\u015fma s\u0131ras\u0131nda ya da \u00e7evrede bulunan asbest liflerinin solunmas\u0131, birka\u00e7 on y\u0131l i\u00e7inde kendini g\u00f6sterecek \u00f6l\u00fcmc\u00fcl hastal\u0131klara yol a\u00e7abilmektedir. \u00d6zellikle asbestli malzemelerin yeniden paketlenmesi, asbestin di\u011fer malzemelere kar\u0131\u015ft\u0131r\u0131lmas\u0131 ve asbestli malzemelerin kuru ortamda kesilmesi s\u0131ras\u0131nda tehlike daha da yo\u011funla\u015fmaktad\u0131r.<\/p><p>\u00d6te yandan asbest yaln\u0131zca \u00e7al\u0131\u015fma ortam\u0131nda asbeste maruz kalan ki\u015fileri ve onlar\u0131n ailelerini de\u011fil, \u00a0asbest \u00e7\u0131kart\u0131lan veya asbestli \u00fcretim yapan i\u015f \u00e7evrelerine yak\u0131n ya\u015fayan ve \u00e7evresel a\u00e7\u0131dan asbeste maruz kalan, asbestli bina ve yap\u0131larda ya\u015fama ya da asbestli malzeme ve \u00fcr\u00fcn kullan\u0131m\u0131 nedeniyle asbeste maruz kalan ki\u015fileri de etkilemekte ve n\u00fcfusun geni\u015f bir kesimini kanser riski ile kar\u015f\u0131 kar\u015f\u0131ya getirmektedir.<\/p><p>T\u00fcm bu risklerden dolay\u0131;<\/p><p>\u201cASBESTLE \u00c7ALI\u015eMALARDA SA\u011eLIK VE G\u00dcVENL\u0130K \u00d6NLEMLER\u0130 HAKKINDA Y\u00d6NETMEL\u0130K \u201c do\u011frultusunda, s\u00f6k\u00fcm, y\u0131k\u0131m, tamir, bak\u0131m ve uzakla\u015ft\u0131rma i\u015fleri, ba\u015flamadan \u00f6nce, asbest i\u00e7erebilecek malzeme ve yerlerini belirlemek i\u00e7in tesis, bina, gemi ve benzeri yap\u0131 ve sistemlerde inceleme yap\u0131larak gereken tedbirleri al\u0131n\u0131r.<\/p><p>Y\u0131k\u0131m izni i\u00e7in 18.3.2004 tarihli ve 25406 say\u0131l\u0131 Resm\u00ee Gazete\u2019 de yay\u0131mlanan Hafriyat Topra\u011f\u0131, \u0130n\u015faat ve Y\u0131k\u0131nt\u0131 At\u0131klar\u0131n\u0131n Kontrol\u00fc Y\u00f6netmeli\u011finin ilgili h\u00fck\u00fcmleri uygulan\u0131r.<\/p><p>Asbest i\u00e7erebilecek malzemelerin, s\u00f6k\u00fcm, y\u0131k\u0131m, tamir, bak\u0131m ve uzakla\u015ft\u0131rma i\u015flerini uzman nezaretinde ve yap\u0131lmas\u0131n\u0131 sa\u011flan\u0131r. Teknik \u00f6nlemler al\u0131nmas\u0131na ra\u011fmen, havadaki asbest konsantrasyonunun s\u0131n\u0131r de\u011feri a\u015fabilece\u011fi s\u00f6k\u00fcm, y\u0131k\u0131m, tamir, bak\u0131m ve uzakla\u015ft\u0131rma gibi belirli i\u015flerde; \u00e7al\u0131\u015fanlar\u0131n korunmas\u0131 i\u00e7in solunum sistemi koruyucusu, \u00e7al\u0131\u015fanlar\u0131n e\u011fitilmesi ve levhalar\u0131n as\u0131lmas\u0131 gibi tedbirlerde al\u0131nmal\u0131d\u0131r.<\/p><p>Asbest Raporu,\u00a06331 say\u0131l\u0131 \u0130\u015f Sa\u011fl\u0131\u011f\u0131 ve G\u00fcvenli\u011fi Kanunu ve ayn\u0131 kanunu\u2019 nun 30. maddesi gere\u011fince \u00e7\u0131kar\u0131lan \u201cAsbestle \u00e7al\u0131\u015fmalarda sa\u011fl\u0131k ve g\u00fcvenlik \u00f6nlemleri hakk\u0131nda y\u00f6netmelik\u201d do\u011frultusunda \u00e7al\u0131\u015fmaktad\u0131r. Ayn\u0131 zamanda \u00c7al\u0131\u015fma ve Sosyal G\u00fcvenlik Bakanl\u0131\u011f\u0131\u2019 n\u0131n denetimine tabiidir.<\/p>\t\t\t\t\t\t\t\t<\/div>\n\t\t\t\t<\/div>\n\t\t\t\t\t<\/div>\n\t\t<\/div>\n\t\t\t\t<div class=\"elementor-column elementor-col-50 elementor-top-column elementor-element elementor-element-de54a75\" data-id=\"de54a75\" data-element_type=\"column\" data-settings=\"{&quot;background_background&quot;:&quot;classic&quot;}\">\n\t\t\t<div class=\"elementor-widget-wrap elementor-element-populated\">\n\t\t\t\t\t\t<section class=\"elementor-section elementor-inner-section elementor-element elementor-element-634ab344 elementor-section-full_width elementor-section-height-default elementor-section-height-default\" data-id=\"634ab344\" data-element_type=\"section\" data-settings=\"{&quot;background_background&quot;:&quot;classic&quot;}\">\n\t\t\t\t\t\t<div class=\"elementor-container elementor-column-gap-no\">\n\t\t\t\t\t<div class=\"elementor-column elementor-col-100 elementor-inner-column elementor-element elementor-element-2dd659b5\" data-id=\"2dd659b5\" data-element_type=\"column\">\n\t\t\t<div class=\"elementor-widget-wrap elementor-element-populated\">\n\t\t\t\t\t\t<div class=\"elementor-element elementor-element-25820756 elementor-widget elementor-widget-image\" data-id=\"25820756\" data-element_type=\"widget\" data-widget_type=\"image.default\">\n\t\t\t\t<div class=\"elementor-widget-container\">\n\t\t\t\t\t\t\t\t\t\t\t\t\t\t\t<img fetchpriority=\"high\" decoding=\"async\" width=\"640\" height=\"427\" src=\"https:\/\/anyikim.com.tr\/wp-content\/uploads\/2024\/08\/excavator-digging-day-light-outdoors-1024x683.jpg\" class=\"attachment-large size-large wp-image-474\" alt=\"\" srcset=\"https:\/\/anyikim.com.tr\/wp-content\/uploads\/2024\/08\/excavator-digging-day-light-outdoors-1024x683.jpg 1024w, https:\/\/anyikim.com.tr\/wp-content\/uploads\/2024\/08\/excavator-digging-day-light-outdoors-300x200.jpg 300w, https:\/\/anyikim.com.tr\/wp-content\/uploads\/2024\/08\/excavator-digging-day-light-outdoors-768x512.jpg 768w, https:\/\/anyikim.com.tr\/wp-content\/uploads\/2024\/08\/excavator-digging-day-light-outdoors-1536x1024.jpg 1536w, https:\/\/anyikim.com.tr\/wp-content\/uploads\/2024\/08\/excavator-digging-day-light-outdoors-2048x1365.jpg 2048w, https:\/\/anyikim.com.tr\/wp-content\/uploads\/2024\/08\/excavator-digging-day-light-outdoors-1568x1045.jpg 1568w\" sizes=\"(max-width: 640px) 100vw, 640px\" \/>\t\t\t\t\t\t\t\t\t\t\t\t\t\t\t<\/div>\n\t\t\t\t<\/div>\n\t\t\t\t\t<\/div>\n\t\t<\/div>\n\t\t\t\t\t<\/div>\n\t\t<\/section>\n\t\t\t\t<section class=\"elementor-section elementor-inner-section elementor-element elementor-element-b713a47 elementor-section-full_width elementor-section-height-default elementor-section-height-default\" data-id=\"b713a47\" data-element_type=\"section\" data-settings=\"{&quot;background_background&quot;:&quot;classic&quot;}\">\n\t\t\t\t\t\t<div class=\"elementor-container elementor-column-gap-no\">\n\t\t\t\t\t<div class=\"elementor-column elementor-col-100 elementor-inner-column elementor-element elementor-element-497bb9d\" data-id=\"497bb9d\" data-element_type=\"column\">\n\t\t\t<div class=\"elementor-widget-wrap elementor-element-populated\">\n\t\t\t\t\t\t<div class=\"elementor-element elementor-element-6f1aa72 elementor-widget elementor-widget-image\" data-id=\"6f1aa72\" data-element_type=\"widget\" data-widget_type=\"image.default\">\n\t\t\t\t<div class=\"elementor-widget-container\">\n\t\t\t\t\t\t\t\t\t\t\t\t\t\t\t<img decoding=\"async\" width=\"640\" height=\"480\" src=\"https:\/\/anyikim.com.tr\/wp-content\/uploads\/2024\/08\/WhatsApp-Image-2024-08-01-at-11.48.39-4-1024x768.jpeg\" class=\"attachment-large size-large wp-image-427\" alt=\"\" srcset=\"https:\/\/anyikim.com.tr\/wp-content\/uploads\/2024\/08\/WhatsApp-Image-2024-08-01-at-11.48.39-4-1024x768.jpeg 1024w, https:\/\/anyikim.com.tr\/wp-content\/uploads\/2024\/08\/WhatsApp-Image-2024-08-01-at-11.48.39-4-300x225.jpeg 300w, https:\/\/anyikim.com.tr\/wp-content\/uploads\/2024\/08\/WhatsApp-Image-2024-08-01-at-11.48.39-4-768x576.jpeg 768w, https:\/\/anyikim.com.tr\/wp-content\/uploads\/2024\/08\/WhatsApp-Image-2024-08-01-at-11.48.39-4-1536x1152.jpeg 1536w, https:\/\/anyikim.com.tr\/wp-content\/uploads\/2024\/08\/WhatsApp-Image-2024-08-01-at-11.48.39-4-1568x1176.jpeg 1568w, https:\/\/anyikim.com.tr\/wp-content\/uploads\/2024\/08\/WhatsApp-Image-2024-08-01-at-11.48.39-4.jpeg 2048w\" sizes=\"(max-width: 640px) 100vw, 640px\" \/>\t\t\t\t\t\t\t\t\t\t\t\t\t\t\t<\/div>\n\t\t\t\t<\/div>\n\t\t\t\t\t<\/div>\n\t\t<\/div>\n\t\t\t\t\t<\/div>\n\t\t<\/section>\n\t\t\t\t<section class=\"elementor-section elementor-inner-section elementor-element elementor-element-27729e7 elementor-section-full_width elementor-section-height-default elementor-section-height-default\" data-id=\"27729e7\" data-element_type=\"section\" data-settings=\"{&quot;background_background&quot;:&quot;classic&quot;}\">\n\t\t\t\t\t\t<div class=\"elementor-container elementor-column-gap-no\">\n\t\t\t\t\t<div class=\"elementor-column elementor-col-100 elementor-inner-column elementor-element elementor-element-5ed96de\" data-id=\"5ed96de\" data-element_type=\"column\">\n\t\t\t<div class=\"elementor-widget-wrap elementor-element-populated\">\n\t\t\t\t\t\t<div class=\"elementor-element elementor-element-9adbfdc elementor-widget elementor-widget-image\" data-id=\"9adbfdc\" data-element_type=\"widget\" data-widget_type=\"image.default\">\n\t\t\t\t<div class=\"elementor-widget-container\">\n\t\t\t\t\t\t\t\t\t\t\t\t\t\t\t<img decoding=\"async\" width=\"640\" height=\"582\" src=\"https:\/\/anyikim.com.tr\/wp-content\/uploads\/2024\/08\/cat-955-dozer-1.jpeg\" class=\"attachment-large size-large wp-image-475\" alt=\"\" srcset=\"https:\/\/anyikim.com.tr\/wp-content\/uploads\/2024\/08\/cat-955-dozer-1.jpeg 711w, https:\/\/anyikim.com.tr\/wp-content\/uploads\/2024\/08\/cat-955-dozer-1-300x273.jpeg 300w\" sizes=\"(max-width: 640px) 100vw, 640px\" \/>\t\t\t\t\t\t\t\t\t\t\t\t\t\t\t<\/div>\n\t\t\t\t<\/div>\n\t\t\t\t\t<\/div>\n\t\t<\/div>\n\t\t\t\t\t<\/div>\n\t\t<\/section>\n\t\t\t\t<section class=\"elementor-section elementor-inner-section elementor-element elementor-element-c5e1451 elementor-section-full_width elementor-section-height-default elementor-section-height-default\" data-id=\"c5e1451\" data-element_type=\"section\" data-settings=\"{&quot;background_background&quot;:&quot;classic&quot;}\">\n\t\t\t\t\t\t<div class=\"elementor-container elementor-column-gap-no\">\n\t\t\t\t\t<div class=\"elementor-column elementor-col-100 elementor-inner-column elementor-element elementor-element-032c5be\" data-id=\"032c5be\" data-element_type=\"column\">\n\t\t\t<div class=\"elementor-widget-wrap elementor-element-populated\">\n\t\t\t\t\t\t<div class=\"elementor-element elementor-element-9542fea elementor-widget elementor-widget-image\" data-id=\"9542fea\" data-element_type=\"widget\" data-widget_type=\"image.default\">\n\t\t\t\t<div class=\"elementor-widget-container\">\n\t\t\t\t\t\t\t\t\t\t\t\t\t\t\t<img loading=\"lazy\" decoding=\"async\" width=\"640\" height=\"373\" src=\"https:\/\/anyikim.com.tr\/wp-content\/uploads\/2024\/08\/extec-c7-mobil-elek-1-1024x596.jpeg\" class=\"attachment-large size-large wp-image-476\" alt=\"\" srcset=\"https:\/\/anyikim.com.tr\/wp-content\/uploads\/2024\/08\/extec-c7-mobil-elek-1-1024x596.jpeg 1024w, https:\/\/anyikim.com.tr\/wp-content\/uploads\/2024\/08\/extec-c7-mobil-elek-1-300x175.jpeg 300w, https:\/\/anyikim.com.tr\/wp-content\/uploads\/2024\/08\/extec-c7-mobil-elek-1-768x447.jpeg 768w, https:\/\/anyikim.com.tr\/wp-content\/uploads\/2024\/08\/extec-c7-mobil-elek-1.jpeg 1169w\" sizes=\"(max-width: 640px) 100vw, 640px\" \/>\t\t\t\t\t\t\t\t\t\t\t\t\t\t\t<\/div>\n\t\t\t\t<\/div>\n\t\t\t\t\t<\/div>\n\t\t<\/div>\n\t\t\t\t\t<\/div>\n\t\t<\/section>\n\t\t\t\t\t<\/div>\n\t\t<\/div>\n\t\t\t\t\t<\/div>\n\t\t<\/section>\n\t\t\t\t<\/div>\n\t\t","protected":false},"excerpt":{"rendered":"<p>H\u0130ZMETLER\u0130M\u0130Z Asbest Y\u00f6netimi Asbest; \u0131s\u0131ya, a\u015f\u0131nmaya ve\u00a0kimyasal maddelere\u00a0\u00e7ok dayan\u0131kl\u0131\u00a0lifli\u00a0yap\u0131da\u00a0do\u011fal silikat mineralidir. Mineralin ad\u0131 antik Yunancada \u201csuya doymaz\u201d anlam\u0131na gelen \u201c asbestos \u201d kelimesinden gelir. Asbest do\u011fada farkl\u0131 bi\u00e7imlerde bulunmakla birlikte, en yayg\u0131n olanlar\u0131 ve yasal d\u00fczenlemelere konu edilenleri alt\u0131 \u00e7e\u015fittir. Bunlar yap\u0131lar\u0131na g\u00f6re serpantin ve amfibol olmak \u00fczere iki grupta toplan\u0131rlar. \u201cASBESTLE \u00c7ALI\u015eMALARDA SA\u011eLIK VE &hellip; <\/p>\n<p class=\"link-more\"><a href=\"https:\/\/anyikim.com.tr\/?page_id=171\" class=\"more-link\">Okumaya devam et<span class=\"screen-reader-text\"> &#8220;Asbest Y\u00f6netimi&#8221;<\/span><\/a><\/p>\n","protected":false},"author":2,"featured_media":0,"parent":0,"menu_order":0,"comment_status":"closed","ping_status":"closed","template":"elementor_header_footer","meta":{"footnotes":""},"class_list":["post-171","page","type-page","status-publish","hentry","entry"],"_links":{"self":[{"href":"https:\/\/anyikim.com.tr\/index.php?rest_route=\/wp\/v2\/pages\/171","targetHints":{"allow":["GET"]}}],"collection":[{"href":"https:\/\/anyikim.com.tr\/index.php?rest_route=\/wp\/v2\/pages"}],"about":[{"href":"https:\/\/anyikim.com.tr\/index.php?rest_route=\/wp\/v2\/types\/page"}],"author":[{"embeddable":true,"href":"https:\/\/anyikim.com.tr\/index.php?rest_route=\/wp\/v2\/users\/2"}],"replies":[{"embeddable":true,"href":"https:\/\/anyikim.com.tr\/index.php?rest_route=%2Fwp%2Fv2%2Fcomments&post=171"}],"version-history":[{"count":16,"href":"https:\/\/anyikim.com.tr\/index.php?rest_route=\/wp\/v2\/pages\/171\/revisions"}],"predecessor-version":[{"id":479,"href":"https:\/\/anyikim.com.tr\/index.php?rest_route=\/wp\/v2\/pages\/171\/revisions\/479"}],"wp:attachment":[{"href":"https:\/\/anyikim.com.tr\/index.php?rest_route=%2Fwp%2Fv2%2Fmedia&parent=171"}],"curies":[{"name":"wp","href":"https:\/\/api.w.org\/{rel}","templated":true}]}}