{"id":173,"date":"2024-08-21T10:47:23","date_gmt":"2024-08-21T10:47:23","guid":{"rendered":"https:\/\/anyikim.com.tr\/?page_id=173"},"modified":"2024-08-28T14:05:51","modified_gmt":"2024-08-28T14:05:51","slug":"insaat-iskele-koruma-filesi","status":"publish","type":"page","link":"https:\/\/anyikim.com.tr\/?page_id=173","title":{"rendered":"\u0130n\u015faat \u0130skele Koruma Filesi"},"content":{"rendered":"\t\t<div data-elementor-type=\"wp-page\" data-elementor-id=\"173\" class=\"elementor elementor-173\" data-elementor-post-type=\"page\">\n\t\t\t\t\t\t<section class=\"elementor-section elementor-top-section elementor-element elementor-element-52a8711 elementor-section-height-min-height elementor-section-boxed elementor-section-height-default elementor-section-items-middle\" data-id=\"52a8711\" data-element_type=\"section\" data-settings=\"{&quot;background_background&quot;:&quot;classic&quot;}\">\n\t\t\t\t\t\t\t<div class=\"elementor-background-overlay\"><\/div>\n\t\t\t\t\t\t\t<div class=\"elementor-container elementor-column-gap-default\">\n\t\t\t\t\t<div class=\"elementor-column elementor-col-100 elementor-top-column elementor-element elementor-element-1f9d3a4\" data-id=\"1f9d3a4\" data-element_type=\"column\">\n\t\t\t<div class=\"elementor-widget-wrap elementor-element-populated\">\n\t\t\t\t\t\t<div class=\"elementor-element elementor-element-decf5b2 elementor-widget elementor-widget-heading\" data-id=\"decf5b2\" data-element_type=\"widget\" data-widget_type=\"heading.default\">\n\t\t\t\t<div class=\"elementor-widget-container\">\n\t\t\t\t\t<h3 class=\"elementor-heading-title elementor-size-default\">H\u0130ZMETLER\u0130M\u0130Z<\/h3>\t\t\t\t<\/div>\n\t\t\t\t<\/div>\n\t\t\t\t\t<\/div>\n\t\t<\/div>\n\t\t\t\t\t<\/div>\n\t\t<\/section>\n\t\t\t\t<section class=\"elementor-section elementor-top-section elementor-element elementor-element-fb40a84 elementor-section-content-middle elementor-section-boxed elementor-section-height-default elementor-section-height-default\" data-id=\"fb40a84\" data-element_type=\"section\" data-settings=\"{&quot;background_background&quot;:&quot;classic&quot;}\">\n\t\t\t\t\t\t<div class=\"elementor-container elementor-column-gap-no\">\n\t\t\t\t\t<div class=\"elementor-column elementor-col-50 elementor-top-column elementor-element elementor-element-2b5a3cf8\" data-id=\"2b5a3cf8\" data-element_type=\"column\" data-settings=\"{&quot;background_background&quot;:&quot;classic&quot;}\">\n\t\t\t<div class=\"elementor-widget-wrap elementor-element-populated\">\n\t\t\t\t\t\t<section class=\"elementor-section elementor-inner-section elementor-element elementor-element-201badb2 elementor-section-boxed elementor-section-height-default elementor-section-height-default\" data-id=\"201badb2\" data-element_type=\"section\">\n\t\t\t\t\t\t<div class=\"elementor-container elementor-column-gap-default\">\n\t\t\t\t\t<div class=\"elementor-column elementor-col-100 elementor-inner-column elementor-element elementor-element-5e7388f\" data-id=\"5e7388f\" data-element_type=\"column\">\n\t\t\t<div class=\"elementor-widget-wrap\">\n\t\t\t\t\t\t\t<\/div>\n\t\t<\/div>\n\t\t\t\t\t<\/div>\n\t\t<\/section>\n\t\t\t\t<div class=\"elementor-element elementor-element-6a9fceeb elementor-widget elementor-widget-heading\" data-id=\"6a9fceeb\" data-element_type=\"widget\" data-widget_type=\"heading.default\">\n\t\t\t\t<div class=\"elementor-widget-container\">\n\t\t\t\t\t<h3 class=\"elementor-heading-title elementor-size-default\">\u0130n\u015faat \u0130skele Koruma Filesi<\/h3>\t\t\t\t<\/div>\n\t\t\t\t<\/div>\n\t\t\t\t<div class=\"elementor-element elementor-element-7d92feca elementor-widget elementor-widget-spacer\" data-id=\"7d92feca\" data-element_type=\"widget\" data-widget_type=\"spacer.default\">\n\t\t\t\t<div class=\"elementor-widget-container\">\n\t\t\t\t\t\t\t<div class=\"elementor-spacer\">\n\t\t\t<div class=\"elementor-spacer-inner\"><\/div>\n\t\t<\/div>\n\t\t\t\t\t\t<\/div>\n\t\t\t\t<\/div>\n\t\t\t\t<div class=\"elementor-element elementor-element-2a59431c elementor-widget elementor-widget-text-editor\" data-id=\"2a59431c\" data-element_type=\"widget\" data-widget_type=\"text-editor.default\">\n\t\t\t\t<div class=\"elementor-widget-container\">\n\t\t\t\t\t\t\t\t\t<p>\u0130skele fileleri Belediye mevzuat\u0131nca zorunlu k\u0131l\u0131nan hen\u00fcz d\u0131\u015f cephesi yap\u0131lmam\u0131\u015f ancak iskelesi hen\u00fcz kurulmu\u015f in\u015faat halindeki binalarda \u0130\u015f G\u00fcvenli\u011fi ve Sa\u011fl\u0131\u011f\u0131 a\u00e7\u0131s\u0131ndan son derece \u00f6nemli malzemelerdir.<\/p><p>\u00d6zellikle in\u015faat alan\u0131 d\u0131\u015f\u0131na moloz, c\u00fcruf, ta\u015f gibi cisimlerin \u00e7evreye zarar vermesini \u00f6nleyen, \u00e7al\u0131\u015fan i\u015f\u00e7ilerin yanl\u0131\u015f bir hareketine kar\u015f\u0131 d\u0131\u015far\u0131ya hareketini k\u0131s\u0131tlayan, binalar\u0131n i\u00e7inde \u00e7al\u0131\u015fanlar\u0131n g\u00fcne\u015f \u0131\u015f\u0131nlar\u0131ndan, tozdan koruyan \u0130\u015f G\u00fcvenli\u011fi ve Sa\u011fl\u0131\u011f\u0131 a\u00e7\u0131s\u0131ndan \u00f6nemli \u201cG\u00f6lgelik \u201c olarak da tabir edilen malzemelerdir.<\/p>\t\t\t\t\t\t\t\t<\/div>\n\t\t\t\t<\/div>\n\t\t\t\t<div class=\"elementor-element elementor-element-dd216fe elementor-widget elementor-widget-text-editor\" data-id=\"dd216fe\" data-element_type=\"widget\" data-widget_type=\"text-editor.default\">\n\t\t\t\t<div class=\"elementor-widget-container\">\n\t\t\t\t\t\t\t\t\t<p>Bu \u00f6zelliklerinin d\u0131\u015f\u0131nda;<\/p><ul><li>Y\u00fcksek yo\u011funluklu polietilen malzemeden \u00fcretilmi\u015ftir.<\/li><li>UV katk\u0131s\u0131ndan dolay\u0131 uzun y\u0131llar kullan\u0131labilir.<\/li><li>Her alanda e\u015fit g\u00f6lgeleme yapar.<\/li><li>G\u00fc\u00e7l\u00fc ve esnek bir malzeme olup, kolay uygulanabilir.<\/li><li>Optimal d\u00fczeyde hava ak\u0131\u015f\u0131n\u0131 sa\u011flar.<\/li><li>Koyu ye\u015fil, ye\u015fil ve siyah en \u00e7ok tercih edilen renkleridir.<\/li><\/ul>\t\t\t\t\t\t\t\t<\/div>\n\t\t\t\t<\/div>\n\t\t\t\t<div class=\"elementor-element elementor-element-102b4c89 elementor-widget elementor-widget-spacer\" data-id=\"102b4c89\" data-element_type=\"widget\" data-widget_type=\"spacer.default\">\n\t\t\t\t<div class=\"elementor-widget-container\">\n\t\t\t\t\t\t\t<div class=\"elementor-spacer\">\n\t\t\t<div class=\"elementor-spacer-inner\"><\/div>\n\t\t<\/div>\n\t\t\t\t\t\t<\/div>\n\t\t\t\t<\/div>\n\t\t\t\t\t<\/div>\n\t\t<\/div>\n\t\t\t\t<div class=\"elementor-column elementor-col-50 elementor-top-column elementor-element elementor-element-61f021a\" data-id=\"61f021a\" data-element_type=\"column\" data-settings=\"{&quot;background_background&quot;:&quot;classic&quot;}\">\n\t\t\t<div class=\"elementor-widget-wrap elementor-element-populated\">\n\t\t\t\t\t\t<section class=\"elementor-section elementor-inner-section elementor-element elementor-element-3182ce9 elementor-section-full_width elementor-section-height-default elementor-section-height-default\" data-id=\"3182ce9\" data-element_type=\"section\" data-settings=\"{&quot;background_background&quot;:&quot;classic&quot;}\">\n\t\t\t\t\t\t<div class=\"elementor-container elementor-column-gap-no\">\n\t\t\t\t\t<div class=\"elementor-column elementor-col-100 elementor-inner-column elementor-element elementor-element-800234d\" data-id=\"800234d\" data-element_type=\"column\">\n\t\t\t<div class=\"elementor-widget-wrap elementor-element-populated\">\n\t\t\t\t\t\t<div class=\"elementor-element elementor-element-0492196 elementor-widget elementor-widget-image\" data-id=\"0492196\" data-element_type=\"widget\" data-widget_type=\"image.default\">\n\t\t\t\t<div class=\"elementor-widget-container\">\n\t\t\t\t\t\t\t\t\t\t\t\t\t\t\t<img fetchpriority=\"high\" decoding=\"async\" width=\"640\" height=\"427\" src=\"https:\/\/anyikim.com.tr\/wp-content\/uploads\/2024\/08\/worker-checking-structure-1024x683.jpg\" class=\"attachment-large size-large wp-image-429\" alt=\"\" srcset=\"https:\/\/anyikim.com.tr\/wp-content\/uploads\/2024\/08\/worker-checking-structure-1024x683.jpg 1024w, https:\/\/anyikim.com.tr\/wp-content\/uploads\/2024\/08\/worker-checking-structure-300x200.jpg 300w, https:\/\/anyikim.com.tr\/wp-content\/uploads\/2024\/08\/worker-checking-structure-768x512.jpg 768w, https:\/\/anyikim.com.tr\/wp-content\/uploads\/2024\/08\/worker-checking-structure-1536x1024.jpg 1536w, https:\/\/anyikim.com.tr\/wp-content\/uploads\/2024\/08\/worker-checking-structure-2048x1365.jpg 2048w, https:\/\/anyikim.com.tr\/wp-content\/uploads\/2024\/08\/worker-checking-structure-1568x1045.jpg 1568w\" sizes=\"(max-width: 640px) 100vw, 640px\" \/>\t\t\t\t\t\t\t\t\t\t\t\t\t\t\t<\/div>\n\t\t\t\t<\/div>\n\t\t\t\t\t<\/div>\n\t\t<\/div>\n\t\t\t\t\t<\/div>\n\t\t<\/section>\n\t\t\t\t\t<\/div>\n\t\t<\/div>\n\t\t\t\t\t<\/div>\n\t\t<\/section>\n\t\t\t\t<section class=\"elementor-section elementor-top-section elementor-element elementor-element-403db4e elementor-section-content-middle elementor-section-boxed elementor-section-height-default elementor-section-height-default\" data-id=\"403db4e\" data-element_type=\"section\" data-settings=\"{&quot;background_background&quot;:&quot;classic&quot;}\">\n\t\t\t\t\t\t<div class=\"elementor-container elementor-column-gap-no\">\n\t\t\t\t\t<div class=\"elementor-column elementor-col-50 elementor-top-column elementor-element elementor-element-3280f53\" data-id=\"3280f53\" data-element_type=\"column\" data-settings=\"{&quot;background_background&quot;:&quot;classic&quot;}\">\n\t\t\t<div class=\"elementor-widget-wrap elementor-element-populated\">\n\t\t\t\t\t\t<div class=\"elementor-element elementor-element-0c919bc elementor-widget elementor-widget-heading\" data-id=\"0c919bc\" data-element_type=\"widget\" data-widget_type=\"heading.default\">\n\t\t\t\t<div class=\"elementor-widget-container\">\n\t\t\t\t\t<h3 class=\"elementor-heading-title elementor-size-default\">\u0130n\u015faat \u0130skele Filesi (G\u00f6lgelik File ) \u00c7e\u015fitleri:<\/h3>\t\t\t\t<\/div>\n\t\t\t\t<\/div>\n\t\t\t\t<div class=\"elementor-element elementor-element-1520e59 elementor-widget elementor-widget-spacer\" data-id=\"1520e59\" data-element_type=\"widget\" data-widget_type=\"spacer.default\">\n\t\t\t\t<div class=\"elementor-widget-container\">\n\t\t\t\t\t\t\t<div class=\"elementor-spacer\">\n\t\t\t<div class=\"elementor-spacer-inner\"><\/div>\n\t\t<\/div>\n\t\t\t\t\t\t<\/div>\n\t\t\t\t<\/div>\n\t\t\t\t<div class=\"elementor-element elementor-element-bdfb434 elementor-widget elementor-widget-text-editor\" data-id=\"bdfb434\" data-element_type=\"widget\" data-widget_type=\"text-editor.default\">\n\t\t\t\t<div class=\"elementor-widget-container\">\n\t\t\t\t\t\t\t\t\t<p>Kullan\u0131m Alanlar\u0131:<\/p><ul><li>Bah\u00e7ecilik, serac\u0131l\u0131k, peyzajc\u0131l\u0131k, \u00e7i\u00e7ek\u00e7ilik ve hayvanc\u0131l\u0131k alanlar\u0131nda,<\/li><li>Turistik ama\u00e7l\u0131 plajlarda, spor sahalar\u0131nda, havuzlar\u0131nda ve otoparklarda g\u00f6lgelik ve r\u00fczgarl\u0131k olarak,<\/li><li>\u0130n\u015faatlarda, limanlarda, otoparklarda ve spor alanlar\u0131nda koruma filesi olarak kullan\u0131lmaktad\u0131r.<\/li><\/ul>\t\t\t\t\t\t\t\t<\/div>\n\t\t\t\t<\/div>\n\t\t\t\t<div class=\"elementor-element elementor-element-28d436f elementor-widget elementor-widget-spacer\" data-id=\"28d436f\" data-element_type=\"widget\" data-widget_type=\"spacer.default\">\n\t\t\t\t<div class=\"elementor-widget-container\">\n\t\t\t\t\t\t\t<div class=\"elementor-spacer\">\n\t\t\t<div class=\"elementor-spacer-inner\"><\/div>\n\t\t<\/div>\n\t\t\t\t\t\t<\/div>\n\t\t\t\t<\/div>\n\t\t\t\t\t<\/div>\n\t\t<\/div>\n\t\t\t\t<div class=\"elementor-column elementor-col-50 elementor-top-column elementor-element elementor-element-1d196fb\" data-id=\"1d196fb\" data-element_type=\"column\" data-settings=\"{&quot;background_background&quot;:&quot;classic&quot;}\">\n\t\t\t<div class=\"elementor-widget-wrap elementor-element-populated\">\n\t\t\t\t\t\t<section class=\"elementor-section elementor-inner-section elementor-element elementor-element-338ce00 elementor-section-full_width elementor-section-height-default elementor-section-height-default\" data-id=\"338ce00\" data-element_type=\"section\" data-settings=\"{&quot;background_background&quot;:&quot;classic&quot;}\">\n\t\t\t\t\t\t<div class=\"elementor-container elementor-column-gap-no\">\n\t\t\t\t\t<div class=\"elementor-column elementor-col-100 elementor-inner-column elementor-element elementor-element-766eccb\" data-id=\"766eccb\" data-element_type=\"column\">\n\t\t\t<div class=\"elementor-widget-wrap elementor-element-populated\">\n\t\t\t\t\t\t<div class=\"elementor-element elementor-element-6ec4345 elementor-widget elementor-widget-image\" data-id=\"6ec4345\" data-element_type=\"widget\" data-widget_type=\"image.default\">\n\t\t\t\t<div class=\"elementor-widget-container\">\n\t\t\t\t\t\t\t\t\t\t\t\t\t\t\t<img decoding=\"async\" width=\"640\" height=\"427\" src=\"https:\/\/anyikim.com.tr\/wp-content\/uploads\/2024\/08\/rough-metallic-surface-texture-1-1024x683.jpg\" class=\"attachment-large size-large wp-image-430\" alt=\"\" srcset=\"https:\/\/anyikim.com.tr\/wp-content\/uploads\/2024\/08\/rough-metallic-surface-texture-1-1024x683.jpg 1024w, https:\/\/anyikim.com.tr\/wp-content\/uploads\/2024\/08\/rough-metallic-surface-texture-1-300x200.jpg 300w, https:\/\/anyikim.com.tr\/wp-content\/uploads\/2024\/08\/rough-metallic-surface-texture-1-768x512.jpg 768w, https:\/\/anyikim.com.tr\/wp-content\/uploads\/2024\/08\/rough-metallic-surface-texture-1-1536x1024.jpg 1536w, https:\/\/anyikim.com.tr\/wp-content\/uploads\/2024\/08\/rough-metallic-surface-texture-1-2048x1365.jpg 2048w, https:\/\/anyikim.com.tr\/wp-content\/uploads\/2024\/08\/rough-metallic-surface-texture-1-1568x1045.jpg 1568w\" sizes=\"(max-width: 640px) 100vw, 640px\" \/>\t\t\t\t\t\t\t\t\t\t\t\t\t\t\t<\/div>\n\t\t\t\t<\/div>\n\t\t\t\t\t<\/div>\n\t\t<\/div>\n\t\t\t\t\t<\/div>\n\t\t<\/section>\n\t\t\t\t\t<\/div>\n\t\t<\/div>\n\t\t\t\t\t<\/div>\n\t\t<\/section>\n\t\t\t\t<\/div>\n\t\t","protected":false},"excerpt":{"rendered":"<p>H\u0130ZMETLER\u0130M\u0130Z \u0130n\u015faat \u0130skele Koruma Filesi \u0130skele fileleri Belediye mevzuat\u0131nca zorunlu k\u0131l\u0131nan hen\u00fcz d\u0131\u015f cephesi yap\u0131lmam\u0131\u015f ancak iskelesi hen\u00fcz kurulmu\u015f in\u015faat halindeki binalarda \u0130\u015f G\u00fcvenli\u011fi ve Sa\u011fl\u0131\u011f\u0131 a\u00e7\u0131s\u0131ndan son derece \u00f6nemli malzemelerdir. \u00d6zellikle in\u015faat alan\u0131 d\u0131\u015f\u0131na moloz, c\u00fcruf, ta\u015f gibi cisimlerin \u00e7evreye zarar vermesini \u00f6nleyen, \u00e7al\u0131\u015fan i\u015f\u00e7ilerin yanl\u0131\u015f bir hareketine kar\u015f\u0131 d\u0131\u015far\u0131ya hareketini k\u0131s\u0131tlayan, binalar\u0131n i\u00e7inde &hellip; <\/p>\n<p class=\"link-more\"><a href=\"https:\/\/anyikim.com.tr\/?page_id=173\" class=\"more-link\">Okumaya devam et<span class=\"screen-reader-text\"> &#8220;\u0130n\u015faat \u0130skele Koruma Filesi&#8221;<\/span><\/a><\/p>\n","protected":false},"author":2,"featured_media":0,"parent":0,"menu_order":0,"comment_status":"closed","ping_status":"closed","template":"elementor_header_footer","meta":{"footnotes":""},"class_list":["post-173","page","type-page","status-publish","hentry","entry"],"_links":{"self":[{"href":"https:\/\/anyikim.com.tr\/index.php?rest_route=\/wp\/v2\/pages\/173","targetHints":{"allow":["GET"]}}],"collection":[{"href":"https:\/\/anyikim.com.tr\/index.php?rest_route=\/wp\/v2\/pages"}],"about":[{"href":"https:\/\/anyikim.com.tr\/index.php?rest_route=\/wp\/v2\/types\/page"}],"author":[{"embeddable":true,"href":"https:\/\/anyikim.com.tr\/index.php?rest_route=\/wp\/v2\/users\/2"}],"replies":[{"embeddable":true,"href":"https:\/\/anyikim.com.tr\/index.php?rest_route=%2Fwp%2Fv2%2Fcomments&post=173"}],"version-history":[{"count":28,"href":"https:\/\/anyikim.com.tr\/index.php?rest_route=\/wp\/v2\/pages\/173\/revisions"}],"predecessor-version":[{"id":469,"href":"https:\/\/anyikim.com.tr\/index.php?rest_route=\/wp\/v2\/pages\/173\/revisions\/469"}],"wp:attachment":[{"href":"https:\/\/anyikim.com.tr\/index.php?rest_route=%2Fwp%2Fv2%2Fmedia&parent=173"}],"curies":[{"name":"wp","href":"https:\/\/api.w.org\/{rel}","templated":true}]}}