{"id":45,"date":"2024-08-16T06:45:08","date_gmt":"2024-08-16T06:45:08","guid":{"rendered":"https:\/\/anyikim.com.tr\/?page_id=45"},"modified":"2024-08-28T14:29:04","modified_gmt":"2024-08-28T14:29:04","slug":"ana-sayfa","status":"publish","type":"page","link":"https:\/\/anyikim.com.tr\/","title":{"rendered":"Ana Sayfa"},"content":{"rendered":"\t\t<div data-elementor-type=\"wp-page\" data-elementor-id=\"45\" class=\"elementor elementor-45\" data-elementor-post-type=\"page\">\n\t\t\t\t\t\t<section class=\"elementor-section elementor-top-section elementor-element elementor-element-26db71aa elementor-section-boxed elementor-section-height-default elementor-section-height-default\" data-id=\"26db71aa\" data-element_type=\"section\" data-settings=\"{&quot;background_background&quot;:&quot;slideshow&quot;,&quot;background_slideshow_gallery&quot;:[{&quot;id&quot;:427,&quot;url&quot;:&quot;https:\\\/\\\/anyikim.com.tr\\\/wp-content\\\/uploads\\\/2024\\\/08\\\/WhatsApp-Image-2024-08-01-at-11.48.39-4.jpeg&quot;},{&quot;id&quot;:426,&quot;url&quot;:&quot;https:\\\/\\\/anyikim.com.tr\\\/wp-content\\\/uploads\\\/2024\\\/08\\\/2024-07-25.jpg&quot;},{&quot;id&quot;:416,&quot;url&quot;:&quot;https:\\\/\\\/anyikim.com.tr\\\/wp-content\\\/uploads\\\/2024\\\/08\\\/extec-c7-mobil-elek.jpeg&quot;}],&quot;background_slideshow_loop&quot;:&quot;yes&quot;,&quot;background_slideshow_slide_duration&quot;:5000,&quot;background_slideshow_slide_transition&quot;:&quot;fade&quot;,&quot;background_slideshow_transition_duration&quot;:500}\">\n\t\t\t\t\t\t\t<div class=\"elementor-background-overlay\"><\/div>\n\t\t\t\t\t\t\t<div class=\"elementor-container elementor-column-gap-default\">\n\t\t\t\t\t<div class=\"elementor-column elementor-col-50 elementor-top-column elementor-element elementor-element-386a86dd\" data-id=\"386a86dd\" data-element_type=\"column\">\n\t\t\t<div class=\"elementor-widget-wrap elementor-element-populated\">\n\t\t\t\t\t\t<div class=\"elementor-element elementor-element-7c101258 elementor-invisible elementor-widget elementor-widget-heading\" data-id=\"7c101258\" data-element_type=\"widget\" data-settings=\"{&quot;_animation&quot;:&quot;fadeInUp&quot;}\" data-widget_type=\"heading.default\">\n\t\t\t\t<div class=\"elementor-widget-container\">\n\t\t\t\t\t<h3 class=\"elementor-heading-title elementor-size-default\">\u0130n\u015faat, Hafriyat ve Y\u0131k\u0131m\u0131n Adresi<\/h3>\t\t\t\t<\/div>\n\t\t\t\t<\/div>\n\t\t\t\t<div class=\"elementor-element elementor-element-2fa01912 elementor-invisible elementor-widget elementor-widget-text-editor\" data-id=\"2fa01912\" data-element_type=\"widget\" data-settings=\"{&quot;_animation&quot;:&quot;fadeInUp&quot;}\" data-widget_type=\"text-editor.default\">\n\t\t\t\t<div class=\"elementor-widget-container\">\n\t\t\t\t\t\t\t\t\t<article class=\"footer-widget about-widget col-md-3 col-sm-6 col-xs-12 wow fadeInUp\" data-wow-delay=\"0ms\" data-wow-duration=\"1000ms\"><div class=\"widget-content\"><p>Ya\u015fam kalitesini artt\u0131rmay\u0131 hedefleyen Kentsel D\u00f6n\u00fc\u015f\u00fcm kapsam\u0131ndaki projelerinizde ak\u0131lc\u0131 \u00e7\u00f6z\u00fcmler ile g\u00fcvenilir \u00e7\u00f6z\u00fcm orta\u011f\u0131n\u0131z.<\/p><\/div><\/article><article class=\"footer-widget about-widget col-md-3 col-sm-6 col-xs-12 wow fadeInUp\" data-wow-delay=\"0ms\" data-wow-duration=\"1000ms\"><\/article>\t\t\t\t\t\t\t\t<\/div>\n\t\t\t\t<\/div>\n\t\t\t\t\t<\/div>\n\t\t<\/div>\n\t\t\t\t<div class=\"elementor-column elementor-col-50 elementor-top-column elementor-element elementor-element-574828bf\" data-id=\"574828bf\" data-element_type=\"column\">\n\t\t\t<div class=\"elementor-widget-wrap\">\n\t\t\t\t\t\t\t<\/div>\n\t\t<\/div>\n\t\t\t\t\t<\/div>\n\t\t<\/section>\n\t\t<div class=\"elementor-element elementor-element-e8d7ec4 e-flex e-con-boxed e-con e-parent\" data-id=\"e8d7ec4\" data-element_type=\"container\">\n\t\t\t\t\t<div class=\"e-con-inner\">\n\t\t\t\t<div class=\"elementor-element elementor-element-0d18fae elementor-widget elementor-widget-video\" data-id=\"0d18fae\" data-element_type=\"widget\" data-settings=\"{&quot;video_type&quot;:&quot;hosted&quot;,&quot;controls&quot;:&quot;yes&quot;}\" data-widget_type=\"video.default\">\n\t\t\t\t<div class=\"elementor-widget-container\">\n\t\t\t\t\t\t\t<div class=\"e-hosted-video elementor-wrapper elementor-open-inline\">\n\t\t\t\t\t<video class=\"elementor-video\" src=\"https:\/\/anyikim.com.tr\/wp-content\/uploads\/2024\/08\/IMG_6054-1.mp4\" controls=\"\" preload=\"metadata\" controlsList=\"nodownload\"><\/video>\n\t\t\t\t<\/div>\n\t\t\t\t\t\t<\/div>\n\t\t\t\t<\/div>\n\t\t\t\t\t<\/div>\n\t\t\t\t<\/div>\n\t\t\t\t<section class=\"elementor-section elementor-top-section elementor-element elementor-element-130d6090 elementor-section-boxed elementor-section-height-default elementor-section-height-default\" data-id=\"130d6090\" data-element_type=\"section\">\n\t\t\t\t\t\t<div class=\"elementor-container elementor-column-gap-default\">\n\t\t\t\t\t<div class=\"elementor-column elementor-col-100 elementor-top-column elementor-element elementor-element-318cc3b3\" data-id=\"318cc3b3\" data-element_type=\"column\">\n\t\t\t<div class=\"elementor-widget-wrap elementor-element-populated\">\n\t\t\t\t\t\t<div class=\"elementor-element elementor-element-c147b11 elementor-widget elementor-widget-heading\" data-id=\"c147b11\" data-element_type=\"widget\" data-widget_type=\"heading.default\">\n\t\t\t\t<div class=\"elementor-widget-container\">\n\t\t\t\t\t<h3 class=\"elementor-heading-title elementor-size-default\">projeler<\/h3>\t\t\t\t<\/div>\n\t\t\t\t<\/div>\n\t\t\t\t<div class=\"elementor-element elementor-element-6963bf3b elementor-invisible elementor-widget elementor-widget-heading\" data-id=\"6963bf3b\" data-element_type=\"widget\" data-settings=\"{&quot;_animation&quot;:&quot;fadeInUp&quot;}\" data-widget_type=\"heading.default\">\n\t\t\t\t<div class=\"elementor-widget-container\">\n\t\t\t\t\t<h3 class=\"elementor-heading-title elementor-size-default\">DEVAM EDEN PROJELER<\/h3>\t\t\t\t<\/div>\n\t\t\t\t<\/div>\n\t\t\t\t<div class=\"elementor-element elementor-element-7fed8c0f elementor-widget-divider--view-line elementor-widget elementor-widget-divider\" data-id=\"7fed8c0f\" data-element_type=\"widget\" data-widget_type=\"divider.default\">\n\t\t\t\t<div class=\"elementor-widget-container\">\n\t\t\t\t\t\t\t<div class=\"elementor-divider\">\n\t\t\t<span class=\"elementor-divider-separator\">\n\t\t\t\t\t\t<\/span>\n\t\t<\/div>\n\t\t\t\t\t\t<\/div>\n\t\t\t\t<\/div>\n\t\t\t\t<div class=\"elementor-element elementor-element-686d389e elementor-widget elementor-widget-text-editor\" data-id=\"686d389e\" data-element_type=\"widget\" data-widget_type=\"text-editor.default\">\n\t\t\t\t<div class=\"elementor-widget-container\">\n\t\t\t\t\t\t\t\t\t<p>\u0130n\u015faat m\u00fchendisleri ve i\u015f g\u00fcvenlik uzmanlar\u0131 denetiminde, deneyimli ekibimiz ile birlikte konut, bina, fabrika, end\u00fcstriyel yap\u0131 ve spor kompleksi gibi bir\u00e7ok farkl\u0131 alanda tamamlanan ve devam eden t\u00fcm y\u0131k\u0131m ve hafriyat s\u00fcre\u00e7lerini kapsayan projelerimiz bulunmaktad\u0131r.<\/p>\t\t\t\t\t\t\t\t<\/div>\n\t\t\t\t<\/div>\n\t\t\t\t<div class=\"elementor-element elementor-element-6838e85a elementor-mobile-align-left elementor-invisible elementor-widget elementor-widget-button\" data-id=\"6838e85a\" data-element_type=\"widget\" data-settings=\"{&quot;_animation&quot;:&quot;fadeInUp&quot;}\" data-widget_type=\"button.default\">\n\t\t\t\t<div class=\"elementor-widget-container\">\n\t\t\t\t\t\t\t\t\t<div class=\"elementor-button-wrapper\">\n\t\t\t\t\t<a class=\"elementor-button elementor-button-link elementor-size-xl\" href=\"https:\/\/anyikim.com.tr\/?page_id=81\">\n\t\t\t\t\t\t<span class=\"elementor-button-content-wrapper\">\n\t\t\t\t\t\t<span class=\"elementor-button-icon\">\n\t\t\t\t<svg aria-hidden=\"true\" class=\"e-font-icon-svg e-fas-arrow-right\" viewBox=\"0 0 448 512\" xmlns=\"http:\/\/www.w3.org\/2000\/svg\"><path d=\"M190.5 66.9l22.2-22.2c9.4-9.4 24.6-9.4 33.9 0L441 239c9.4 9.4 9.4 24.6 0 33.9L246.6 467.3c-9.4 9.4-24.6 9.4-33.9 0l-22.2-22.2c-9.5-9.5-9.3-25 .4-34.3L311.4 296H24c-13.3 0-24-10.7-24-24v-32c0-13.3 10.7-24 24-24h287.4L190.9 101.2c-9.8-9.3-10-24.8-.4-34.3z\"><\/path><\/svg>\t\t\t<\/span>\n\t\t\t\t\t\t\t\t\t<span class=\"elementor-button-text\">Daha Fazlas\u0131 \u0130\u00e7in<\/span>\n\t\t\t\t\t<\/span>\n\t\t\t\t\t<\/a>\n\t\t\t\t<\/div>\n\t\t\t\t\t\t\t\t<\/div>\n\t\t\t\t<\/div>\n\t\t\t\t\t<\/div>\n\t\t<\/div>\n\t\t\t\t\t<\/div>\n\t\t<\/section>\n\t\t\t\t<\/div>\n\t\t","protected":false},"excerpt":{"rendered":"<p>\u0130n\u015faat, Hafriyat ve Y\u0131k\u0131m\u0131n Adresi Ya\u015fam kalitesini artt\u0131rmay\u0131 hedefleyen Kentsel D\u00f6n\u00fc\u015f\u00fcm kapsam\u0131ndaki projelerinizde ak\u0131lc\u0131 \u00e7\u00f6z\u00fcmler ile g\u00fcvenilir \u00e7\u00f6z\u00fcm orta\u011f\u0131n\u0131z. https:\/\/anyikim.com.tr\/wp-content\/uploads\/2024\/08\/IMG_6054-1.mp4 projeler DEVAM EDEN PROJELER \u0130n\u015faat m\u00fchendisleri ve i\u015f g\u00fcvenlik uzmanlar\u0131 denetiminde, deneyimli ekibimiz ile birlikte konut, bina, fabrika, end\u00fcstriyel yap\u0131 ve spor kompleksi gibi bir\u00e7ok farkl\u0131 alanda tamamlanan ve devam eden t\u00fcm y\u0131k\u0131m ve hafriyat &hellip; <\/p>\n<p class=\"link-more\"><a href=\"https:\/\/anyikim.com.tr\/\" class=\"more-link\">Okumaya devam et<span class=\"screen-reader-text\"> &#8220;Ana Sayfa&#8221;<\/span><\/a><\/p>\n","protected":false},"author":2,"featured_media":0,"parent":0,"menu_order":0,"comment_status":"closed","ping_status":"closed","template":"elementor_header_footer","meta":{"footnotes":""},"class_list":["post-45","page","type-page","status-publish","hentry","entry"],"_links":{"self":[{"href":"https:\/\/anyikim.com.tr\/index.php?rest_route=\/wp\/v2\/pages\/45","targetHints":{"allow":["GET"]}}],"collection":[{"href":"https:\/\/anyikim.com.tr\/index.php?rest_route=\/wp\/v2\/pages"}],"about":[{"href":"https:\/\/anyikim.com.tr\/index.php?rest_route=\/wp\/v2\/types\/page"}],"author":[{"embeddable":true,"href":"https:\/\/anyikim.com.tr\/index.php?rest_route=\/wp\/v2\/users\/2"}],"replies":[{"embeddable":true,"href":"https:\/\/anyikim.com.tr\/index.php?rest_route=%2Fwp%2Fv2%2Fcomments&post=45"}],"version-history":[{"count":25,"href":"https:\/\/anyikim.com.tr\/index.php?rest_route=\/wp\/v2\/pages\/45\/revisions"}],"predecessor-version":[{"id":491,"href":"https:\/\/anyikim.com.tr\/index.php?rest_route=\/wp\/v2\/pages\/45\/revisions\/491"}],"wp:attachment":[{"href":"https:\/\/anyikim.com.tr\/index.php?rest_route=%2Fwp%2Fv2%2Fmedia&parent=45"}],"curies":[{"name":"wp","href":"https:\/\/api.w.org\/{rel}","templated":true}]}}