{"id":81,"date":"2024-08-18T19:37:03","date_gmt":"2024-08-18T19:37:03","guid":{"rendered":"https:\/\/anyikim.com.tr\/?page_id=81"},"modified":"2024-08-28T14:32:19","modified_gmt":"2024-08-28T14:32:19","slug":"galeri","status":"publish","type":"page","link":"https:\/\/anyikim.com.tr\/?page_id=81","title":{"rendered":"Projeler"},"content":{"rendered":"\t\t<div data-elementor-type=\"wp-page\" data-elementor-id=\"81\" class=\"elementor elementor-81\" data-elementor-post-type=\"page\">\n\t\t\t\t\t\t<section class=\"elementor-section elementor-top-section elementor-element elementor-element-509d3cd2 elementor-section-height-min-height elementor-section-boxed elementor-section-height-default elementor-section-items-middle\" data-id=\"509d3cd2\" data-element_type=\"section\" data-settings=\"{&quot;background_background&quot;:&quot;classic&quot;}\">\n\t\t\t\t\t\t\t<div class=\"elementor-background-overlay\"><\/div>\n\t\t\t\t\t\t\t<div class=\"elementor-container elementor-column-gap-default\">\n\t\t\t\t\t<div class=\"elementor-column elementor-col-100 elementor-top-column elementor-element elementor-element-4b40148\" data-id=\"4b40148\" data-element_type=\"column\">\n\t\t\t<div class=\"elementor-widget-wrap elementor-element-populated\">\n\t\t\t\t\t\t<div class=\"elementor-element elementor-element-66fde9e7 elementor-widget elementor-widget-heading\" data-id=\"66fde9e7\" data-element_type=\"widget\" data-widget_type=\"heading.default\">\n\t\t\t\t<div class=\"elementor-widget-container\">\n\t\t\t\t\t<h3 class=\"elementor-heading-title elementor-size-default\">PROJELER<\/h3>\t\t\t\t<\/div>\n\t\t\t\t<\/div>\n\t\t\t\t\t<\/div>\n\t\t<\/div>\n\t\t\t\t\t<\/div>\n\t\t<\/section>\n\t\t\t\t<section class=\"elementor-section elementor-top-section elementor-element elementor-element-6062d60b elementor-section-boxed elementor-section-height-default elementor-section-height-default\" data-id=\"6062d60b\" data-element_type=\"section\">\n\t\t\t\t\t\t<div class=\"elementor-container elementor-column-gap-default\">\n\t\t\t\t\t<div class=\"elementor-column elementor-col-100 elementor-top-column elementor-element elementor-element-1e666ea3\" data-id=\"1e666ea3\" data-element_type=\"column\">\n\t\t\t<div class=\"elementor-widget-wrap elementor-element-populated\">\n\t\t\t\t\t\t<div class=\"elementor-element elementor-element-74b07ff2 elementor-absolute elementor-invisible elementor-widget elementor-widget-heading\" data-id=\"74b07ff2\" data-element_type=\"widget\" data-settings=\"{&quot;_animation&quot;:&quot;fadeInLeft&quot;,&quot;_position&quot;:&quot;absolute&quot;}\" data-widget_type=\"heading.default\">\n\t\t\t\t<div class=\"elementor-widget-container\">\n\t\t\t\t\t<h2 class=\"elementor-heading-title elementor-size-default\">AN YIKIM<\/h2>\t\t\t\t<\/div>\n\t\t\t\t<\/div>\n\t\t\t\t<div class=\"elementor-element elementor-element-650cf442 elementor-widget elementor-widget-heading\" data-id=\"650cf442\" data-element_type=\"widget\" data-widget_type=\"heading.default\">\n\t\t\t\t<div class=\"elementor-widget-container\">\n\t\t\t\t\t<h3 class=\"elementor-heading-title elementor-size-default\">PROJELER<\/h3>\t\t\t\t<\/div>\n\t\t\t\t<\/div>\n\t\t\t\t<div class=\"elementor-element elementor-element-3fbad327 elementor-invisible elementor-widget elementor-widget-heading\" data-id=\"3fbad327\" data-element_type=\"widget\" data-settings=\"{&quot;_animation&quot;:&quot;fadeInUp&quot;}\" data-widget_type=\"heading.default\">\n\t\t\t\t<div class=\"elementor-widget-container\">\n\t\t\t\t\t<h3 class=\"elementor-heading-title elementor-size-default\">DEVAM EDEN PROJELER<\/h3>\t\t\t\t<\/div>\n\t\t\t\t<\/div>\n\t\t\t\t<div class=\"elementor-element elementor-element-2db56316 elementor-widget-divider--view-line elementor-widget elementor-widget-divider\" data-id=\"2db56316\" data-element_type=\"widget\" data-widget_type=\"divider.default\">\n\t\t\t\t<div class=\"elementor-widget-container\">\n\t\t\t\t\t\t\t<div class=\"elementor-divider\">\n\t\t\t<span class=\"elementor-divider-separator\">\n\t\t\t\t\t\t<\/span>\n\t\t<\/div>\n\t\t\t\t\t\t<\/div>\n\t\t\t\t<\/div>\n\t\t\t\t\t<\/div>\n\t\t<\/div>\n\t\t\t\t\t<\/div>\n\t\t<\/section>\n\t\t\t\t<section class=\"elementor-section elementor-top-section elementor-element elementor-element-3c58dd6f elementor-section-boxed elementor-section-height-default elementor-section-height-default\" data-id=\"3c58dd6f\" data-element_type=\"section\">\n\t\t\t\t\t\t<div class=\"elementor-container elementor-column-gap-default\">\n\t\t\t\t\t<div class=\"elementor-column elementor-col-25 elementor-top-column elementor-element elementor-element-26f4426f\" data-id=\"26f4426f\" data-element_type=\"column\">\n\t\t\t<div class=\"elementor-widget-wrap elementor-element-populated\">\n\t\t\t\t\t\t<div class=\"elementor-element elementor-element-341db763 elementor-position-top elementor-widget elementor-widget-image-box\" data-id=\"341db763\" data-element_type=\"widget\" data-widget_type=\"image-box.default\">\n\t\t\t\t<div class=\"elementor-widget-container\">\n\t\t\t\t\t<div class=\"elementor-image-box-wrapper\"><figure class=\"elementor-image-box-img\"><img decoding=\"async\" width=\"200\" height=\"200\" src=\"https:\/\/anyikim.com.tr\/wp-content\/uploads\/2024\/08\/icon16.png\" class=\"attachment-full size-full wp-image-65\" alt=\"\" srcset=\"https:\/\/anyikim.com.tr\/wp-content\/uploads\/2024\/08\/icon16.png 200w, https:\/\/anyikim.com.tr\/wp-content\/uploads\/2024\/08\/icon16-150x150.png 150w\" sizes=\"(max-width: 200px) 100vw, 200px\" \/><\/figure><div class=\"elementor-image-box-content\"><h3 class=\"elementor-image-box-title\">\u0130ncesu Yap\u0131<\/h3><p class=\"elementor-image-box-description\">Suadiye Projesi\/Tepret Apartman\u0131 _ 7,500 m3 hafriyat<\/p><\/div><\/div>\t\t\t\t<\/div>\n\t\t\t\t<\/div>\n\t\t\t\t<div class=\"elementor-element elementor-element-8fe56b8 elementor-position-top elementor-widget elementor-widget-image-box\" data-id=\"8fe56b8\" data-element_type=\"widget\" data-widget_type=\"image-box.default\">\n\t\t\t\t<div class=\"elementor-widget-container\">\n\t\t\t\t\t<div class=\"elementor-image-box-wrapper\"><figure class=\"elementor-image-box-img\"><img decoding=\"async\" width=\"200\" height=\"200\" src=\"https:\/\/anyikim.com.tr\/wp-content\/uploads\/2024\/08\/icon16.png\" class=\"attachment-full size-full wp-image-65\" alt=\"\" srcset=\"https:\/\/anyikim.com.tr\/wp-content\/uploads\/2024\/08\/icon16.png 200w, https:\/\/anyikim.com.tr\/wp-content\/uploads\/2024\/08\/icon16-150x150.png 150w\" sizes=\"(max-width: 200px) 100vw, 200px\" \/><\/figure><div class=\"elementor-image-box-content\"><h3 class=\"elementor-image-box-title\">Meri\u00e7 Yap\u0131<\/h3><p class=\"elementor-image-box-description\">G\u00f6ztepe Projesi<\/p><\/div><\/div>\t\t\t\t<\/div>\n\t\t\t\t<\/div>\n\t\t\t\t<div class=\"elementor-element elementor-element-2a10792 elementor-position-top elementor-widget elementor-widget-image-box\" data-id=\"2a10792\" data-element_type=\"widget\" data-widget_type=\"image-box.default\">\n\t\t\t\t<div class=\"elementor-widget-container\">\n\t\t\t\t\t<div class=\"elementor-image-box-wrapper\"><figure class=\"elementor-image-box-img\"><img decoding=\"async\" width=\"200\" height=\"200\" src=\"https:\/\/anyikim.com.tr\/wp-content\/uploads\/2024\/08\/icon16.png\" class=\"attachment-full size-full wp-image-65\" alt=\"\" srcset=\"https:\/\/anyikim.com.tr\/wp-content\/uploads\/2024\/08\/icon16.png 200w, https:\/\/anyikim.com.tr\/wp-content\/uploads\/2024\/08\/icon16-150x150.png 150w\" sizes=\"(max-width: 200px) 100vw, 200px\" \/><\/figure><div class=\"elementor-image-box-content\"><h3 class=\"elementor-image-box-title\">Konrat \u0130n\u015faat<\/h3><p class=\"elementor-image-box-description\">\u00dcnalan Projesi<\/p><\/div><\/div>\t\t\t\t<\/div>\n\t\t\t\t<\/div>\n\t\t\t\t\t<\/div>\n\t\t<\/div>\n\t\t\t\t<div class=\"elementor-column elementor-col-25 elementor-top-column elementor-element elementor-element-541990b4\" data-id=\"541990b4\" data-element_type=\"column\">\n\t\t\t<div class=\"elementor-widget-wrap elementor-element-populated\">\n\t\t\t\t\t\t<div class=\"elementor-element elementor-element-3a12b534 elementor-position-top elementor-widget elementor-widget-image-box\" data-id=\"3a12b534\" data-element_type=\"widget\" data-widget_type=\"image-box.default\">\n\t\t\t\t<div class=\"elementor-widget-container\">\n\t\t\t\t\t<div class=\"elementor-image-box-wrapper\"><figure class=\"elementor-image-box-img\"><img decoding=\"async\" width=\"200\" height=\"200\" src=\"https:\/\/anyikim.com.tr\/wp-content\/uploads\/2024\/08\/icon19.png\" class=\"attachment-full size-full wp-image-51\" alt=\"\" srcset=\"https:\/\/anyikim.com.tr\/wp-content\/uploads\/2024\/08\/icon19.png 200w, https:\/\/anyikim.com.tr\/wp-content\/uploads\/2024\/08\/icon19-150x150.png 150w\" sizes=\"(max-width: 200px) 100vw, 200px\" \/><\/figure><div class=\"elementor-image-box-content\"><h3 class=\"elementor-image-box-title\">Mavita\u015f Yap\u0131 <\/h3><p class=\"elementor-image-box-description\"> Suadiye Projesi _ 15,000 m3 hafriyat<\/p><\/div><\/div>\t\t\t\t<\/div>\n\t\t\t\t<\/div>\n\t\t\t\t<div class=\"elementor-element elementor-element-1cb1b3b elementor-position-top elementor-widget elementor-widget-image-box\" data-id=\"1cb1b3b\" data-element_type=\"widget\" data-widget_type=\"image-box.default\">\n\t\t\t\t<div class=\"elementor-widget-container\">\n\t\t\t\t\t<div class=\"elementor-image-box-wrapper\"><figure class=\"elementor-image-box-img\"><img decoding=\"async\" width=\"200\" height=\"200\" src=\"https:\/\/anyikim.com.tr\/wp-content\/uploads\/2024\/08\/icon19.png\" class=\"attachment-full size-full wp-image-51\" alt=\"\" srcset=\"https:\/\/anyikim.com.tr\/wp-content\/uploads\/2024\/08\/icon19.png 200w, https:\/\/anyikim.com.tr\/wp-content\/uploads\/2024\/08\/icon19-150x150.png 150w\" sizes=\"(max-width: 200px) 100vw, 200px\" \/><\/figure><div class=\"elementor-image-box-content\"><h3 class=\"elementor-image-box-title\">Atlantis Asya \u0130n\u015faat<\/h3><p class=\"elementor-image-box-description\">Suadiye Projesi<\/p><\/div><\/div>\t\t\t\t<\/div>\n\t\t\t\t<\/div>\n\t\t\t\t<div class=\"elementor-element elementor-element-25f961b elementor-position-top elementor-widget elementor-widget-image-box\" data-id=\"25f961b\" data-element_type=\"widget\" data-widget_type=\"image-box.default\">\n\t\t\t\t<div class=\"elementor-widget-container\">\n\t\t\t\t\t<div class=\"elementor-image-box-wrapper\"><figure class=\"elementor-image-box-img\"><img decoding=\"async\" width=\"200\" height=\"200\" src=\"https:\/\/anyikim.com.tr\/wp-content\/uploads\/2024\/08\/icon19.png\" class=\"attachment-full size-full wp-image-51\" alt=\"\" srcset=\"https:\/\/anyikim.com.tr\/wp-content\/uploads\/2024\/08\/icon19.png 200w, https:\/\/anyikim.com.tr\/wp-content\/uploads\/2024\/08\/icon19-150x150.png 150w\" sizes=\"(max-width: 200px) 100vw, 200px\" \/><\/figure><div class=\"elementor-image-box-content\"><h3 class=\"elementor-image-box-title\">Demirli Konut <\/h3><p class=\"elementor-image-box-description\">Ziverbey Projesi<\/p><\/div><\/div>\t\t\t\t<\/div>\n\t\t\t\t<\/div>\n\t\t\t\t\t<\/div>\n\t\t<\/div>\n\t\t\t\t<div class=\"elementor-column elementor-col-25 elementor-top-column elementor-element elementor-element-64538e96\" data-id=\"64538e96\" data-element_type=\"column\">\n\t\t\t<div class=\"elementor-widget-wrap elementor-element-populated\">\n\t\t\t\t\t\t<div class=\"elementor-element elementor-element-15a7dbff elementor-position-top elementor-widget elementor-widget-image-box\" data-id=\"15a7dbff\" data-element_type=\"widget\" data-widget_type=\"image-box.default\">\n\t\t\t\t<div class=\"elementor-widget-container\">\n\t\t\t\t\t<div class=\"elementor-image-box-wrapper\"><figure class=\"elementor-image-box-img\"><img decoding=\"async\" width=\"200\" height=\"200\" src=\"https:\/\/anyikim.com.tr\/wp-content\/uploads\/2024\/08\/icon18.png\" class=\"attachment-full size-full wp-image-66\" alt=\"\" srcset=\"https:\/\/anyikim.com.tr\/wp-content\/uploads\/2024\/08\/icon18.png 200w, https:\/\/anyikim.com.tr\/wp-content\/uploads\/2024\/08\/icon18-150x150.png 150w\" sizes=\"(max-width: 200px) 100vw, 200px\" \/><\/figure><div class=\"elementor-image-box-content\"><h3 class=\"elementor-image-box-title\">Aktifhan Grup<\/h3><p class=\"elementor-image-box-description\"> Ata\u015fehir Projesi\/ My Nest Ata\u015fehir _12,000 m3<\/p><\/div><\/div>\t\t\t\t<\/div>\n\t\t\t\t<\/div>\n\t\t\t\t<div class=\"elementor-element elementor-element-35ac8bd elementor-position-top elementor-widget elementor-widget-image-box\" data-id=\"35ac8bd\" data-element_type=\"widget\" data-widget_type=\"image-box.default\">\n\t\t\t\t<div class=\"elementor-widget-container\">\n\t\t\t\t\t<div class=\"elementor-image-box-wrapper\"><figure class=\"elementor-image-box-img\"><img decoding=\"async\" width=\"200\" height=\"200\" src=\"https:\/\/anyikim.com.tr\/wp-content\/uploads\/2024\/08\/icon18.png\" class=\"attachment-full size-full wp-image-66\" alt=\"\" srcset=\"https:\/\/anyikim.com.tr\/wp-content\/uploads\/2024\/08\/icon18.png 200w, https:\/\/anyikim.com.tr\/wp-content\/uploads\/2024\/08\/icon18-150x150.png 150w\" sizes=\"(max-width: 200px) 100vw, 200px\" \/><\/figure><div class=\"elementor-image-box-content\"><h3 class=\"elementor-image-box-title\">Sevgili Yap\u0131<\/h3><p class=\"elementor-image-box-description\"> Kuyuba\u015f\u0131 Projesi<\/p><\/div><\/div>\t\t\t\t<\/div>\n\t\t\t\t<\/div>\n\t\t\t\t<div class=\"elementor-element elementor-element-bffd764 elementor-position-top elementor-widget elementor-widget-image-box\" data-id=\"bffd764\" data-element_type=\"widget\" data-widget_type=\"image-box.default\">\n\t\t\t\t<div class=\"elementor-widget-container\">\n\t\t\t\t\t<div class=\"elementor-image-box-wrapper\"><figure class=\"elementor-image-box-img\"><img decoding=\"async\" width=\"200\" height=\"200\" src=\"https:\/\/anyikim.com.tr\/wp-content\/uploads\/2024\/08\/icon18.png\" class=\"attachment-full size-full wp-image-66\" alt=\"\" srcset=\"https:\/\/anyikim.com.tr\/wp-content\/uploads\/2024\/08\/icon18.png 200w, https:\/\/anyikim.com.tr\/wp-content\/uploads\/2024\/08\/icon18-150x150.png 150w\" sizes=\"(max-width: 200px) 100vw, 200px\" \/><\/figure><div class=\"elementor-image-box-content\"><h3 class=\"elementor-image-box-title\">\u00d6ztel Yap\u0131<\/h3><p class=\"elementor-image-box-description\">Suadiye Projesi<\/p><\/div><\/div>\t\t\t\t<\/div>\n\t\t\t\t<\/div>\n\t\t\t\t\t<\/div>\n\t\t<\/div>\n\t\t\t\t<div class=\"elementor-column elementor-col-25 elementor-top-column elementor-element elementor-element-961a08c\" data-id=\"961a08c\" data-element_type=\"column\">\n\t\t\t<div class=\"elementor-widget-wrap elementor-element-populated\">\n\t\t\t\t\t\t<div class=\"elementor-element elementor-element-7c53e312 elementor-position-top elementor-widget elementor-widget-image-box\" data-id=\"7c53e312\" data-element_type=\"widget\" data-widget_type=\"image-box.default\">\n\t\t\t\t<div class=\"elementor-widget-container\">\n\t\t\t\t\t<div class=\"elementor-image-box-wrapper\"><figure class=\"elementor-image-box-img\"><img loading=\"lazy\" decoding=\"async\" width=\"200\" height=\"200\" src=\"https:\/\/anyikim.com.tr\/wp-content\/uploads\/2024\/08\/icon14.png\" class=\"attachment-full size-full wp-image-67\" alt=\"\" srcset=\"https:\/\/anyikim.com.tr\/wp-content\/uploads\/2024\/08\/icon14.png 200w, https:\/\/anyikim.com.tr\/wp-content\/uploads\/2024\/08\/icon14-150x150.png 150w\" sizes=\"(max-width: 200px) 100vw, 200px\" \/><\/figure><div class=\"elementor-image-box-content\"><h3 class=\"elementor-image-box-title\">Balc\u0131o\u011flu Yap\u0131<\/h3><p class=\"elementor-image-box-description\"> \u015eenesenevler Projesi<\/p><\/div><\/div>\t\t\t\t<\/div>\n\t\t\t\t<\/div>\n\t\t\t\t<div class=\"elementor-element elementor-element-7fd800f elementor-position-top elementor-widget elementor-widget-image-box\" data-id=\"7fd800f\" data-element_type=\"widget\" data-widget_type=\"image-box.default\">\n\t\t\t\t<div class=\"elementor-widget-container\">\n\t\t\t\t\t<div class=\"elementor-image-box-wrapper\"><figure class=\"elementor-image-box-img\"><img loading=\"lazy\" decoding=\"async\" width=\"200\" height=\"200\" src=\"https:\/\/anyikim.com.tr\/wp-content\/uploads\/2024\/08\/icon14.png\" class=\"attachment-full size-full wp-image-67\" alt=\"\" srcset=\"https:\/\/anyikim.com.tr\/wp-content\/uploads\/2024\/08\/icon14.png 200w, https:\/\/anyikim.com.tr\/wp-content\/uploads\/2024\/08\/icon14-150x150.png 150w\" sizes=\"(max-width: 200px) 100vw, 200px\" \/><\/figure><div class=\"elementor-image-box-content\"><h3 class=\"elementor-image-box-title\">Konrat \u0130n\u015faat<\/h3><p class=\"elementor-image-box-description\">Selami\u00e7e\u015fme Projesi<\/p><\/div><\/div>\t\t\t\t<\/div>\n\t\t\t\t<\/div>\n\t\t\t\t\t<\/div>\n\t\t<\/div>\n\t\t\t\t\t<\/div>\n\t\t<\/section>\n\t\t\t\t<\/div>\n\t\t","protected":false},"excerpt":{"rendered":"<p>PROJELER AN YIKIM PROJELER DEVAM EDEN PROJELER \u0130ncesu Yap\u0131 Suadiye Projesi\/Tepret Apartman\u0131 _ 7,500 m3 hafriyat Meri\u00e7 Yap\u0131 G\u00f6ztepe Projesi Konrat \u0130n\u015faat \u00dcnalan Projesi Mavita\u015f Yap\u0131 Suadiye Projesi _ 15,000 m3 hafriyat Atlantis Asya \u0130n\u015faat Suadiye Projesi Demirli Konut Ziverbey Projesi Aktifhan Grup Ata\u015fehir Projesi\/ My Nest Ata\u015fehir _12,000 m3 Sevgili Yap\u0131 Kuyuba\u015f\u0131 Projesi \u00d6ztel &hellip; <\/p>\n<p class=\"link-more\"><a href=\"https:\/\/anyikim.com.tr\/?page_id=81\" class=\"more-link\">Okumaya devam et<span class=\"screen-reader-text\"> &#8220;Projeler&#8221;<\/span><\/a><\/p>\n","protected":false},"author":2,"featured_media":0,"parent":45,"menu_order":0,"comment_status":"closed","ping_status":"closed","template":"elementor_header_footer","meta":{"footnotes":""},"class_list":["post-81","page","type-page","status-publish","hentry","entry"],"_links":{"self":[{"href":"https:\/\/anyikim.com.tr\/index.php?rest_route=\/wp\/v2\/pages\/81","targetHints":{"allow":["GET"]}}],"collection":[{"href":"https:\/\/anyikim.com.tr\/index.php?rest_route=\/wp\/v2\/pages"}],"about":[{"href":"https:\/\/anyikim.com.tr\/index.php?rest_route=\/wp\/v2\/types\/page"}],"author":[{"embeddable":true,"href":"https:\/\/anyikim.com.tr\/index.php?rest_route=\/wp\/v2\/users\/2"}],"replies":[{"embeddable":true,"href":"https:\/\/anyikim.com.tr\/index.php?rest_route=%2Fwp%2Fv2%2Fcomments&post=81"}],"version-history":[{"count":23,"href":"https:\/\/anyikim.com.tr\/index.php?rest_route=\/wp\/v2\/pages\/81\/revisions"}],"predecessor-version":[{"id":497,"href":"https:\/\/anyikim.com.tr\/index.php?rest_route=\/wp\/v2\/pages\/81\/revisions\/497"}],"up":[{"embeddable":true,"href":"https:\/\/anyikim.com.tr\/index.php?rest_route=\/wp\/v2\/pages\/45"}],"wp:attachment":[{"href":"https:\/\/anyikim.com.tr\/index.php?rest_route=%2Fwp%2Fv2%2Fmedia&parent=81"}],"curies":[{"name":"wp","href":"https:\/\/api.w.org\/{rel}","templated":true}]}}